{"id":2523,"date":"2026-02-02T12:40:06","date_gmt":"2026-02-02T11:40:06","guid":{"rendered":"https:\/\/palaciosuites.com\/?page_id=2523"},"modified":"2026-02-09T09:47:49","modified_gmt":"2026-02-09T08:47:49","slug":"entorno","status":"publish","type":"page","link":"https:\/\/palaciosuites.com\/en\/entorno\/","title":{"rendered":"Environment"},"content":{"rendered":"\t\t<div data-elementor-type=\"wp-page\" data-elementor-id=\"2523\" class=\"elementor elementor-2523\" data-elementor-post-type=\"page\">\n\t\t\t\t<div class=\"elementor-element elementor-element-40f6892 e-flex e-con-boxed e-con e-parent\" data-id=\"40f6892\" data-element_type=\"container\" data-e-type=\"container\" data-settings=\"{&quot;background_background&quot;:&quot;classic&quot;}\">\n\t\t\t\t\t<div class=\"e-con-inner\">\n\t\t<div class=\"elementor-element elementor-element-eb303e4 e-con-full e-flex e-con e-child\" data-id=\"eb303e4\" data-element_type=\"container\" data-e-type=\"container\" data-settings=\"{&quot;motion_fx_motion_fx_scrolling&quot;:&quot;yes&quot;,&quot;motion_fx_translateY_effect&quot;:&quot;yes&quot;,&quot;motion_fx_translateY_speed&quot;:{&quot;unit&quot;:&quot;px&quot;,&quot;size&quot;:4,&quot;sizes&quot;:[]},&quot;motion_fx_translateY_affectedRange&quot;:{&quot;unit&quot;:&quot;%&quot;,&quot;size&quot;:&quot;&quot;,&quot;sizes&quot;:{&quot;start&quot;:0,&quot;end&quot;:100}},&quot;motion_fx_devices&quot;:[&quot;desktop&quot;,&quot;laptop&quot;,&quot;tablet&quot;,&quot;mobile&quot;]}\">\n\t\t\t\t<div class=\"elementor-element elementor-element-e0b8b51 elementor-widget elementor-widget-heading\" data-id=\"e0b8b51\" data-element_type=\"widget\" data-e-type=\"widget\" data-widget_type=\"heading.default\">\n\t\t\t\t\t<h1 class=\"elementor-heading-title elementor-size-default\">Environment<\/h1>\t\t\t\t<\/div>\n\t\t\t\t<div class=\"elementor-element elementor-element-372de32 elementor-widget elementor-widget-heading\" data-id=\"372de32\" data-element_type=\"widget\" data-e-type=\"widget\" data-widget_type=\"heading.default\">\n\t\t\t\t\t<h2 class=\"elementor-heading-title elementor-size-default\">Palacio Suites Marbella<\/h2>\t\t\t\t<\/div>\n\t\t\t\t<\/div>\n\t\t\t\t\t<\/div>\n\t\t\t\t<\/div>\n\t\t<div class=\"elementor-element elementor-element-6066128 e-flex e-con-boxed e-con e-parent\" data-id=\"6066128\" data-element_type=\"container\" data-e-type=\"container\" data-settings=\"{&quot;background_background&quot;:&quot;classic&quot;}\">\n\t\t\t\t\t<div class=\"e-con-inner\">\n\t\t\t\t<div class=\"elementor-element elementor-element-cda6a0b elementor-widget elementor-widget-heading\" data-id=\"cda6a0b\" data-element_type=\"widget\" data-e-type=\"widget\" data-widget_type=\"heading.default\">\n\t\t\t\t\t<h2 class=\"elementor-heading-title elementor-size-default\">Marbella<\/h2>\t\t\t\t<\/div>\n\t\t\t\t<div class=\"elementor-element elementor-element-ead7e76 elementor-widget elementor-widget-text-editor\" data-id=\"ead7e76\" data-element_type=\"widget\" data-e-type=\"widget\" data-widget_type=\"text-editor.default\">\n\t\t\t\t\t\t\t\t\tMarbella is one of the most iconic destinations in the Mediterranean, a place where history, luxury and the essence of Andalusia come together in an incomparable setting. With centuries of tradition, its old town retains the charm of its white streets, flower-filled squares and vestiges of its Arab past, while its coastline and vibrant cultural life have made it an international benchmark for tourism.\t\t\t\t\t\t\t\t<\/div>\n\t\t\t\t\t<\/div>\n\t\t\t\t<\/div>\n\t\t<div class=\"elementor-element elementor-element-1492372 e-grid e-con-boxed e-con e-parent\" data-id=\"1492372\" data-element_type=\"container\" data-e-type=\"container\">\n\t\t\t\t\t<div class=\"e-con-inner\">\n\t\t<div class=\"elementor-element elementor-element-30102f9 e-con-full e-flex elementor-invisible e-con e-child\" data-id=\"30102f9\" data-element_type=\"container\" data-e-type=\"container\" data-settings=\"{&quot;background_background&quot;:&quot;classic&quot;,&quot;animation&quot;:&quot;slideInUp&quot;,&quot;animation_delay&quot;:0}\">\n\t\t\t\t<\/div>\n\t\t<div class=\"elementor-element elementor-element-e816531 e-con-full animated-slow e-flex elementor-invisible e-con e-child\" data-id=\"e816531\" data-element_type=\"container\" data-e-type=\"container\" data-settings=\"{&quot;background_background&quot;:&quot;classic&quot;,&quot;animation&quot;:&quot;slideInUp&quot;,&quot;animation_delay&quot;:200}\">\n\t\t\t\t<\/div>\n\t\t<div class=\"elementor-element elementor-element-fead087 e-con-full animated-slow e-flex elementor-invisible e-con e-child\" data-id=\"fead087\" data-element_type=\"container\" data-e-type=\"container\" data-settings=\"{&quot;background_background&quot;:&quot;classic&quot;,&quot;animation&quot;:&quot;slideInUp&quot;,&quot;animation_delay&quot;:400}\">\n\t\t\t\t<\/div>\n\t\t<div class=\"elementor-element elementor-element-92aad24 e-con-full animated-slow e-flex elementor-invisible e-con e-child\" data-id=\"92aad24\" data-element_type=\"container\" data-e-type=\"container\" data-settings=\"{&quot;background_background&quot;:&quot;classic&quot;,&quot;animation&quot;:&quot;slideInUp&quot;,&quot;animation_delay&quot;:600}\">\n\t\t\t\t<\/div>\n\t\t\t\t\t<\/div>\n\t\t\t\t<\/div>\n\t\t<div class=\"elementor-element elementor-element-ddcac49 e-flex e-con-boxed e-con e-parent\" data-id=\"ddcac49\" data-element_type=\"container\" data-e-type=\"container\">\n\t\t\t\t\t<div class=\"e-con-inner\">\n\t\t\t\t<div class=\"elementor-element elementor-element-9e25f8f elementor-widget elementor-widget-text-editor\" data-id=\"9e25f8f\" data-element_type=\"widget\" data-e-type=\"widget\" data-widget_type=\"text-editor.default\">\n\t\t\t\t\t\t\t\t\t<p>Beyond its beaches and year-round privileged climate, Marbella also stands out for its rich gastronomy. From the authentic flavours of the beach bars to world-renowned haute cuisine restaurants, the city offers a unique culinary experience that combines tradition and modernity.<\/p>\t\t\t\t\t\t\t\t<\/div>\n\t\t\t\t\t<\/div>\n\t\t\t\t<\/div>\n\t\t<div class=\"elementor-element elementor-element-ff5d374 e-flex e-con-boxed e-con e-parent\" data-id=\"ff5d374\" data-element_type=\"container\" data-e-type=\"container\">\n\t\t\t\t\t<div class=\"e-con-inner\">\n\t\t<div class=\"elementor-element elementor-element-4488082 e-con-full e-flex e-con e-child\" data-id=\"4488082\" data-element_type=\"container\" data-e-type=\"container\" data-settings=\"{&quot;background_background&quot;:&quot;classic&quot;}\">\n\t\t\t\t<div class=\"elementor-element elementor-element-c54e4aa elementor-widget elementor-widget-heading\" data-id=\"c54e4aa\" data-element_type=\"widget\" data-e-type=\"widget\" data-widget_type=\"heading.default\">\n\t\t\t\t\t<h2 class=\"elementor-heading-title elementor-size-default\">Activities for everyone<\/h2>\t\t\t\t<\/div>\n\t\t\t\t<div class=\"elementor-element elementor-element-04c1587 elementor-widget elementor-widget-text-editor\" data-id=\"04c1587\" data-element_type=\"widget\" data-e-type=\"widget\" data-widget_type=\"text-editor.default\">\n\t\t\t\t\t\t\t\t\t<p>Here you can enjoy activities to suit all tastes: walks along the promenade at sunset, visits to Puerto Ban\u00fas, hiking trails in the Sierra Blanca mountains, world-class golf courses, water sports, exclusive shopping and a lively nightlife scene. Marbella is, in short, a destination that invites you to discover, relax and experience unforgettable moments around every corner.<\/p>\t\t\t\t\t\t\t\t<\/div>\n\t\t\t\t<\/div>\n\t\t<div class=\"elementor-element elementor-element-9aea2b2 e-con-full e-flex e-con e-child\" data-id=\"9aea2b2\" data-element_type=\"container\" data-e-type=\"container\" data-settings=\"{&quot;background_background&quot;:&quot;classic&quot;}\">\n\t\t\t\t<\/div>\n\t\t\t\t\t<\/div>\n\t\t\t\t<\/div>\n\t\t<div class=\"elementor-element elementor-element-03f078a e-grid e-con-boxed e-con e-parent\" data-id=\"03f078a\" data-element_type=\"container\" data-e-type=\"container\">\n\t\t\t\t\t<div class=\"e-con-inner\">\n\t\t<div class=\"elementor-element elementor-element-fd7599a e-con-full e-flex elementor-invisible e-con e-child\" data-id=\"fd7599a\" data-element_type=\"container\" data-e-type=\"container\" data-settings=\"{&quot;background_background&quot;:&quot;classic&quot;,&quot;animation&quot;:&quot;slideInUp&quot;,&quot;animation_delay&quot;:0}\">\n\t\t\t\t<\/div>\n\t\t<div class=\"elementor-element elementor-element-ce37015 e-con-full animated-slow e-flex elementor-invisible e-con e-child\" data-id=\"ce37015\" data-element_type=\"container\" data-e-type=\"container\" data-settings=\"{&quot;background_background&quot;:&quot;classic&quot;,&quot;animation&quot;:&quot;slideInUp&quot;,&quot;animation_delay&quot;:200}\">\n\t\t\t\t<\/div>\n\t\t<div class=\"elementor-element elementor-element-875340f e-con-full animated-slow e-flex elementor-invisible e-con e-child\" data-id=\"875340f\" data-element_type=\"container\" data-e-type=\"container\" data-settings=\"{&quot;background_background&quot;:&quot;classic&quot;,&quot;animation&quot;:&quot;slideInUp&quot;,&quot;animation_delay&quot;:400}\">\n\t\t\t\t<\/div>\n\t\t<div class=\"elementor-element elementor-element-0c9cac9 e-con-full animated-slow e-flex elementor-invisible e-con e-child\" data-id=\"0c9cac9\" data-element_type=\"container\" data-e-type=\"container\" data-settings=\"{&quot;background_background&quot;:&quot;classic&quot;,&quot;animation&quot;:&quot;slideInUp&quot;,&quot;animation_delay&quot;:600}\">\n\t\t\t\t<\/div>\n\t\t\t\t\t<\/div>\n\t\t\t\t<\/div>\n\t\t<div class=\"elementor-element elementor-element-e93bf66 e-flex e-con-boxed e-con e-parent\" data-id=\"e93bf66\" data-element_type=\"container\" data-e-type=\"container\">\n\t\t\t\t\t<div class=\"e-con-inner\">\n\t\t\t\t<div class=\"elementor-element elementor-element-057c8e8 elementor-widget elementor-widget-text-editor\" data-id=\"057c8e8\" data-element_type=\"widget\" data-e-type=\"widget\" data-widget_type=\"text-editor.default\">\n\t\t\t\t\t\t\t\t\t<p>Palacio Suites Marbella is the perfect place for those seeking luxury, tranquillity, spectacular views, comprehensive facilities and impeccable service in one of the most exclusive destinations on the Costa del Sol.<\/p>\t\t\t\t\t\t\t\t<\/div>\n\t\t\t\t\t<\/div>\n\t\t\t\t<\/div>\n\t\t<div class=\"elementor-element elementor-element-b5d2720 e-flex e-con-boxed e-con e-parent\" data-id=\"b5d2720\" data-element_type=\"container\" data-e-type=\"container\" data-settings=\"{&quot;background_background&quot;:&quot;classic&quot;}\">\n\t\t\t\t\t<div class=\"e-con-inner\">\n\t\t\t\t<div class=\"elementor-element elementor-element-12aeb54 elementor-widget__width-initial elementor-widget elementor-widget-text-editor\" data-id=\"12aeb54\" data-element_type=\"widget\" data-e-type=\"widget\" data-widget_type=\"text-editor.default\">\n\t\t\t\t\t\t\t\t\t<ul><li>Puerto Ban\u00fas beach 1 km away.<br \/>Golf and outdoor activities (La Quinta Golf and Country Club).<\/li><li>Shopping and services (El Corte Ingl\u00e9s and other small shops a short drive away) 1.1 km.<\/li><li>Luxury boutiques 1.6 km away, such as Louis Vuitton, Gucci, among others.<\/li><li>Casino Marbella 1.3 km. away.<\/li><\/ul>\t\t\t\t\t\t\t\t<\/div>\n\t\t\t\t\t<\/div>\n\t\t\t\t<\/div>\n\t\t\t\t<\/div>\n\t\t","protected":false},"excerpt":{"rendered":"<p>Environment Palacio Suites Marbella Marbella Marbella is one of the most iconic destinations in the Mediterranean, a place where history, luxury and the essence of Andalusia come together in an incomparable setting. With centuries of tradition, its old town retains the charm of its white streets, flower-filled squares and vestiges of its Arab past, while [&hellip;]<\/p>\n","protected":false},"author":1,"featured_media":2705,"parent":0,"menu_order":0,"comment_status":"closed","ping_status":"closed","template":"elementor_header_footer","meta":{"editor_notices":[],"footnotes":""},"class_list":["post-2523","page","type-page","status-publish","has-post-thumbnail","hentry"],"yoast_head":"<!-- This site is optimized with the Yoast SEO plugin v27.2 - https:\/\/yoast.com\/product\/yoast-seo-wordpress\/ -->\n<title>Environment - Palacio Suites in Marbella en M\u00e1laga<\/title>\n<meta name=\"description\" content=\"Marbella es uno de los destinos m\u00e1s emblem\u00e1ticos del Mediterr\u00e1neo, donde la historia, el lujo y la esencia andaluza se unen.\" \/>\n<meta name=\"robots\" content=\"index, follow, max-snippet:-1, max-image-preview:large, max-video-preview:-1\" \/>\n<link rel=\"canonical\" href=\"https:\/\/palaciosuites.com\/en\/entorno\/\" \/>\n<meta property=\"og:locale\" content=\"es_ES\" \/>\n<meta property=\"og:type\" content=\"article\" \/>\n<meta property=\"og:title\" content=\"Environment - Palacio Suites in Marbella en M\u00e1laga\" \/>\n<meta property=\"og:description\" content=\"Marbella es uno de los destinos m\u00e1s emblem\u00e1ticos del Mediterr\u00e1neo, donde la historia, el lujo y la esencia andaluza se unen.\" \/>\n<meta property=\"og:url\" content=\"https:\/\/palaciosuites.com\/en\/entorno\/\" \/>\n<meta property=\"og:site_name\" content=\"Palacio Suites in Marbella\" \/>\n<meta property=\"article:modified_time\" content=\"2026-02-09T08:47:49+00:00\" \/>\n<meta property=\"og:image\" content=\"https:\/\/palaciosuites.com\/en\/wp-content\/uploads\/sites\/2\/puerto-banus-andalucia-spain-2022-11-14-02-14-21-utc.webp\" \/>\n\t<meta property=\"og:image:width\" content=\"1900\" \/>\n\t<meta property=\"og:image:height\" content=\"1278\" \/>\n\t<meta property=\"og:image:type\" content=\"image\/webp\" \/>\n<meta name=\"twitter:card\" content=\"summary_large_image\" \/>\n<meta name=\"twitter:label1\" content=\"Tiempo de lectura\" \/>\n\t<meta name=\"twitter:data1\" content=\"2 minutos\" \/>\n<script type=\"application\/ld+json\" class=\"yoast-schema-graph\">{\"@context\":\"https:\/\/schema.org\",\"@graph\":[{\"@type\":\"WebPage\",\"@id\":\"https:\/\/palaciosuites.com\/en\/entorno\/\",\"url\":\"https:\/\/palaciosuites.com\/en\/entorno\/\",\"name\":\"Environment - Palacio Suites in Marbella en M\u00e1laga\",\"isPartOf\":{\"@id\":\"https:\/\/palaciosuites.com\/en\/#website\"},\"primaryImageOfPage\":{\"@id\":\"https:\/\/palaciosuites.com\/en\/entorno\/#primaryimage\"},\"image\":{\"@id\":\"https:\/\/palaciosuites.com\/en\/entorno\/#primaryimage\"},\"thumbnailUrl\":\"https:\/\/palaciosuites.com\/en\/wp-content\/uploads\/sites\/2\/puerto-banus-andalucia-spain-2022-11-14-02-14-21-utc.webp\",\"datePublished\":\"2026-02-02T11:40:06+00:00\",\"dateModified\":\"2026-02-09T08:47:49+00:00\",\"description\":\"Marbella es uno de los destinos m\u00e1s emblem\u00e1ticos del Mediterr\u00e1neo, donde la historia, el lujo y la esencia andaluza se unen.\",\"breadcrumb\":{\"@id\":\"https:\/\/palaciosuites.com\/en\/entorno\/#breadcrumb\"},\"inLanguage\":\"es\",\"potentialAction\":[{\"@type\":\"ReadAction\",\"target\":[\"https:\/\/palaciosuites.com\/en\/entorno\/\"]}]},{\"@type\":\"ImageObject\",\"inLanguage\":\"es\",\"@id\":\"https:\/\/palaciosuites.com\/en\/entorno\/#primaryimage\",\"url\":\"https:\/\/palaciosuites.com\/en\/wp-content\/uploads\/sites\/2\/puerto-banus-andalucia-spain-2022-11-14-02-14-21-utc.webp\",\"contentUrl\":\"https:\/\/palaciosuites.com\/en\/wp-content\/uploads\/sites\/2\/puerto-banus-andalucia-spain-2022-11-14-02-14-21-utc.webp\",\"width\":1900,\"height\":1278,\"caption\":\"puerto banus andalucia spain utc\"},{\"@type\":\"BreadcrumbList\",\"@id\":\"https:\/\/palaciosuites.com\/en\/entorno\/#breadcrumb\",\"itemListElement\":[{\"@type\":\"ListItem\",\"position\":1,\"name\":\"Portada\",\"item\":\"https:\/\/palaciosuites.com\/en\/\"},{\"@type\":\"ListItem\",\"position\":2,\"name\":\"Environment\"}]},{\"@type\":\"WebSite\",\"@id\":\"https:\/\/palaciosuites.com\/en\/#website\",\"url\":\"https:\/\/palaciosuites.com\/en\/\",\"name\":\"Palacio Suites\",\"description\":\"Luxury boutique in Marbella\",\"publisher\":{\"@id\":\"https:\/\/palaciosuites.com\/en\/#organization\"},\"potentialAction\":[{\"@type\":\"SearchAction\",\"target\":{\"@type\":\"EntryPoint\",\"urlTemplate\":\"https:\/\/palaciosuites.com\/en\/?s={search_term_string}\"},\"query-input\":{\"@type\":\"PropertyValueSpecification\",\"valueRequired\":true,\"valueName\":\"search_term_string\"}}],\"inLanguage\":\"es\"},{\"@type\":\"Organization\",\"@id\":\"https:\/\/palaciosuites.com\/en\/#organization\",\"name\":\"Palacio Suites\",\"url\":\"https:\/\/palaciosuites.com\/en\/\",\"logo\":{\"@type\":\"ImageObject\",\"inLanguage\":\"es\",\"@id\":\"https:\/\/palaciosuites.com\/en\/#\/schema\/logo\/image\/\",\"url\":\"https:\/\/palaciosuites.com\/en\/wp-content\/uploads\/sites\/2\/logo-palacio-suites.webp\",\"contentUrl\":\"https:\/\/palaciosuites.com\/en\/wp-content\/uploads\/sites\/2\/logo-palacio-suites.webp\",\"width\":408,\"height\":228,\"caption\":\"Palacio Suites\"},\"image\":{\"@id\":\"https:\/\/palaciosuites.com\/en\/#\/schema\/logo\/image\/\"}}]}<\/script>\n<!-- \/ Yoast SEO plugin. -->","yoast_head_json":{"title":"Environment - Palacio Suites in Marbella en M\u00e1laga","description":"Marbella es uno de los destinos m\u00e1s emblem\u00e1ticos del Mediterr\u00e1neo, donde la historia, el lujo y la esencia andaluza se unen.","robots":{"index":"index","follow":"follow","max-snippet":"max-snippet:-1","max-image-preview":"max-image-preview:large","max-video-preview":"max-video-preview:-1"},"canonical":"https:\/\/palaciosuites.com\/en\/entorno\/","og_locale":"es_ES","og_type":"article","og_title":"Environment - Palacio Suites in Marbella en M\u00e1laga","og_description":"Marbella es uno de los destinos m\u00e1s emblem\u00e1ticos del Mediterr\u00e1neo, donde la historia, el lujo y la esencia andaluza se unen.","og_url":"https:\/\/palaciosuites.com\/en\/entorno\/","og_site_name":"Palacio Suites in Marbella","article_modified_time":"2026-02-09T08:47:49+00:00","og_image":[{"width":1900,"height":1278,"url":"https:\/\/palaciosuites.com\/en\/wp-content\/uploads\/sites\/2\/puerto-banus-andalucia-spain-2022-11-14-02-14-21-utc.webp","type":"image\/webp"}],"twitter_card":"summary_large_image","twitter_misc":{"Tiempo de lectura":"2 minutos"},"schema":{"@context":"https:\/\/schema.org","@graph":[{"@type":"WebPage","@id":"https:\/\/palaciosuites.com\/en\/entorno\/","url":"https:\/\/palaciosuites.com\/en\/entorno\/","name":"Environment - Palacio Suites in Marbella en M\u00e1laga","isPartOf":{"@id":"https:\/\/palaciosuites.com\/en\/#website"},"primaryImageOfPage":{"@id":"https:\/\/palaciosuites.com\/en\/entorno\/#primaryimage"},"image":{"@id":"https:\/\/palaciosuites.com\/en\/entorno\/#primaryimage"},"thumbnailUrl":"https:\/\/palaciosuites.com\/en\/wp-content\/uploads\/sites\/2\/puerto-banus-andalucia-spain-2022-11-14-02-14-21-utc.webp","datePublished":"2026-02-02T11:40:06+00:00","dateModified":"2026-02-09T08:47:49+00:00","description":"Marbella es uno de los destinos m\u00e1s emblem\u00e1ticos del Mediterr\u00e1neo, donde la historia, el lujo y la esencia andaluza se unen.","breadcrumb":{"@id":"https:\/\/palaciosuites.com\/en\/entorno\/#breadcrumb"},"inLanguage":"es","potentialAction":[{"@type":"ReadAction","target":["https:\/\/palaciosuites.com\/en\/entorno\/"]}]},{"@type":"ImageObject","inLanguage":"es","@id":"https:\/\/palaciosuites.com\/en\/entorno\/#primaryimage","url":"https:\/\/palaciosuites.com\/en\/wp-content\/uploads\/sites\/2\/puerto-banus-andalucia-spain-2022-11-14-02-14-21-utc.webp","contentUrl":"https:\/\/palaciosuites.com\/en\/wp-content\/uploads\/sites\/2\/puerto-banus-andalucia-spain-2022-11-14-02-14-21-utc.webp","width":1900,"height":1278,"caption":"puerto banus andalucia spain utc"},{"@type":"BreadcrumbList","@id":"https:\/\/palaciosuites.com\/en\/entorno\/#breadcrumb","itemListElement":[{"@type":"ListItem","position":1,"name":"Portada","item":"https:\/\/palaciosuites.com\/en\/"},{"@type":"ListItem","position":2,"name":"Environment"}]},{"@type":"WebSite","@id":"https:\/\/palaciosuites.com\/en\/#website","url":"https:\/\/palaciosuites.com\/en\/","name":"Palacio Suites","description":"Luxury boutique in Marbella","publisher":{"@id":"https:\/\/palaciosuites.com\/en\/#organization"},"potentialAction":[{"@type":"SearchAction","target":{"@type":"EntryPoint","urlTemplate":"https:\/\/palaciosuites.com\/en\/?s={search_term_string}"},"query-input":{"@type":"PropertyValueSpecification","valueRequired":true,"valueName":"search_term_string"}}],"inLanguage":"es"},{"@type":"Organization","@id":"https:\/\/palaciosuites.com\/en\/#organization","name":"Palacio Suites","url":"https:\/\/palaciosuites.com\/en\/","logo":{"@type":"ImageObject","inLanguage":"es","@id":"https:\/\/palaciosuites.com\/en\/#\/schema\/logo\/image\/","url":"https:\/\/palaciosuites.com\/en\/wp-content\/uploads\/sites\/2\/logo-palacio-suites.webp","contentUrl":"https:\/\/palaciosuites.com\/en\/wp-content\/uploads\/sites\/2\/logo-palacio-suites.webp","width":408,"height":228,"caption":"Palacio Suites"},"image":{"@id":"https:\/\/palaciosuites.com\/en\/#\/schema\/logo\/image\/"}}]}},"_links":{"self":[{"href":"https:\/\/palaciosuites.com\/en\/wp-json\/wp\/v2\/pages\/2523","targetHints":{"allow":["GET"]}}],"collection":[{"href":"https:\/\/palaciosuites.com\/en\/wp-json\/wp\/v2\/pages"}],"about":[{"href":"https:\/\/palaciosuites.com\/en\/wp-json\/wp\/v2\/types\/page"}],"author":[{"embeddable":true,"href":"https:\/\/palaciosuites.com\/en\/wp-json\/wp\/v2\/users\/1"}],"replies":[{"embeddable":true,"href":"https:\/\/palaciosuites.com\/en\/wp-json\/wp\/v2\/comments?post=2523"}],"version-history":[{"count":15,"href":"https:\/\/palaciosuites.com\/en\/wp-json\/wp\/v2\/pages\/2523\/revisions"}],"predecessor-version":[{"id":3144,"href":"https:\/\/palaciosuites.com\/en\/wp-json\/wp\/v2\/pages\/2523\/revisions\/3144"}],"wp:featuredmedia":[{"embeddable":true,"href":"https:\/\/palaciosuites.com\/en\/wp-json\/wp\/v2\/media\/2705"}],"wp:attachment":[{"href":"https:\/\/palaciosuites.com\/en\/wp-json\/wp\/v2\/media?parent=2523"}],"curies":[{"name":"wp","href":"https:\/\/api.w.org\/{rel}","templated":true}]}}